{"id":648332,"date":"2025-05-28T10:43:16","date_gmt":"2025-05-28T10:43:16","guid":{"rendered":"https:\/\/sites.edcpoulerikbech.dk\/hotel\/?page_id=648332"},"modified":"2026-04-20T13:05:06","modified_gmt":"2026-04-20T13:05:06","slug":"hoteller-edc-erhverv","status":"publish","type":"page","link":"https:\/\/edchotels.com\/de\/","title":{"rendered":"Hotels \u2013 EDC Business"},"content":{"rendered":"\n<div id=\"edc-block_edc_69e624819733b\">\n                    <div class=\"w-full h-full full-width-element\">\n                <div class=\"h-full\">\n                                                            <div class=\"relative swiper-slide py-32  flex items-center justify-center h-auto min-h-[50vh] md:min-h-[350px] lg:min-h-[700px]\"\n                        >\n\n                        \n                        <figure class=\"absolute brightness-75 inset-0 object-cover w-full h-full\">\n                            <video x-transition.opacity.duration.500 preload=\"yes\"\n                                class=\"absolute top-0 z-10 object-cover w-full h-full duration-700\" loop=\"\"\n                                muted=\"muted\" playsinline=\"yes\" autoplay=\"true\">\n                                <source src=\"https:\/\/edchotels.com\/wp-content\/uploads\/sites\/106\/2026\/04\/AdobeStock_833383611.mp4\" type=\"video\/mp4\">\n                            <\/video>\n                        <\/figure>\n\n                        \n                        <div class=\"relative px-4 text-white text-center w-full\">\n                            <h2 class=\"max-w-screen-md mx-auto mb-6 text-4xl md:mb-6 md:text-3xl lg:text-5xl\">\n                                Hoteller til salg i hele Danmark<\/h2>\n                            <p class=\"max-w-screen-md mx-auto mb-4 text-sm font-body md:mb-12 md:text-base\">Find dit n\u00e6ste hotel blandt vores mange sp\u00e6ndende emner \u2013 fra hyggelige kroer til moderne cityhoteller.  EDC Erhverv Poul Erik Bech er Danmarks st\u00f8rste m\u00e6glernetv\u00e6rk og specialister i salg af hoteller. Vi hj\u00e6lper dig trygt gennem hele processen \u2013 uanset om du vil k\u00f8be eller s\u00e6lge.                            <\/p>\n                            <button class=\"btn btn btn-primary  \" \n            x-data=\"{}\"\n            @click=\" updateOpt(), $dispatch('modal', { title: 'Contact realtor', message: 'Fill the form below to contact a realtor', extra_message: '',  formID: null });\">\n                Contact realtor        <\/button>\n    \n                        <\/div>\n\n                        \n                    <\/div>\n                                    <\/div>\n                <div class=\"hidden mb-6 ml-10 text-left md:block swiper-pagination\"><\/div>\n\n                            <\/div>\n                    <\/div>\n\n\n\n<section class=\" my-16 lg:my-32\">\n    <div id=\"edc-block_edc_69e6248197853\" class=\"container\">\n        <div class=\"grid items-center lg:grid-cols-2 gap-20\">\n            <div class=\"w-full\">\n                <h3 class=\"mb-6 text-4xl\">Kontakt en af vores hoteleksperter<\/h3>\n                <div class=\"prose font-body max-w-none\"><p>Vi har en selvst\u00e6ndig hotelgruppe med m\u00e6glere fra hele landet, der har specialiseret sig inden for hoteller, kroer og andre over\u00adnat\u00adnings\u00admu\u00adlig\u00adhe\u00adder. Det betyder, at vi st\u00e5r klar til at hj\u00e6lpe dig, uanset hvilken type hotel og hvor i landet det er. Vi kan hj\u00e6lpe dig med at sikre en mere struktureret r\u00e5dgivnings- og salgsproces inden for hoteller.<\/p>\n<\/div>\n                                    <div class=\"flex flex-wrap mt-6\">\n                        \n                        <a class=\"lg:block w-full mt-4 lg:mt-0 lg:w-auto btn btn-transparent mr-4  text-center\" target=\"_self\" href=\"https:\/\/edchotels.com\/hoteller\/\">\n            Se hoteller til salg        <\/a>\n\n\n\n                    <\/div>\n                            <\/div>\n            <div class=\"w-full\">\n            <h3 class=\"text-2xl font-medium leading-6 text-gray-900 \">Contact realtor<\/h3>\n    <ul class=\"grid col-span-2 gap-4 mt-8 md:grid-cols-1\">\n                    <li class=\"flex items-center overflow-hidden lg:items-center md:items-start lg:flex-row\">\n                <div class=\"flex-shrink-0 w-32 h-32 mr-4 aspect-square\">\n                    <img loading=\"lazy\" decoding=\"async\" width=\"225\" height=\"300\" src=\"https:\/\/edchotels.com\/wp-content\/uploads\/sites\/106\/2026\/03\/gcmvi4xyvllow3fd3x1i6awgytxpukfwjsb3ckfnjpg-225x300.jpg\" class=\"object-cover w-full h-full \" alt=\"\" srcset=\"https:\/\/edchotels.com\/wp-content\/uploads\/sites\/106\/2026\/03\/gcmvi4xyvllow3fd3x1i6awgytxpukfwjsb3ckfnjpg-225x300.jpg 225w, https:\/\/edchotels.com\/wp-content\/uploads\/sites\/106\/2026\/03\/gcmvi4xyvllow3fd3x1i6awgytxpukfwjsb3ckfnjpg-768x1024.jpg 768w, https:\/\/edchotels.com\/wp-content\/uploads\/sites\/106\/2026\/03\/gcmvi4xyvllow3fd3x1i6awgytxpukfwjsb3ckfnjpg-9x12.jpg 9w, https:\/\/edchotels.com\/wp-content\/uploads\/sites\/106\/2026\/03\/gcmvi4xyvllow3fd3x1i6awgytxpukfwjsb3ckfnjpg.jpg 900w\" sizes=\"auto, (max-width: 225px) 100vw, 225px\" \/>                <\/div>\n                <div class=\"overflow-hidden\">\n                                        <p class=\"mb-1 text-base truncate font-display\">Frans Barkler<\/p>\n                    <p class=\"mb-4 text-sm font-body\">Head of hospitality<\/p>\n                    <p class=\"text-sm font-body\">Email: <a class=\"underline\" href=\"mailto:frba@edc.dk\">frba@edc.dk<\/a><\/p>\n                    <p class=\"text-sm font-body\">Phone: <a class=\"underline\" href=\"tel:28867768\">28867768<\/a><\/p>\n                <\/div>\n            <\/li>    \n                    <li class=\"flex items-center overflow-hidden lg:items-center md:items-start lg:flex-row\">\n                <div class=\"flex-shrink-0 w-32 h-32 mr-4 aspect-square\">\n                    <img loading=\"lazy\" decoding=\"async\" width=\"219\" height=\"293\" src=\"https:\/\/edchotels.com\/wp-content\/uploads\/sites\/106\/2026\/03\/d6mshuj5c8tkaoxbij5apyeagq58s7vfbf7lrzgijpg.jpg\" class=\"object-cover w-full h-full \" alt=\"\" srcset=\"https:\/\/edchotels.com\/wp-content\/uploads\/sites\/106\/2026\/03\/d6mshuj5c8tkaoxbij5apyeagq58s7vfbf7lrzgijpg.jpg 219w, https:\/\/edchotels.com\/wp-content\/uploads\/sites\/106\/2026\/03\/d6mshuj5c8tkaoxbij5apyeagq58s7vfbf7lrzgijpg-9x12.jpg 9w\" sizes=\"auto, (max-width: 219px) 100vw, 219px\" \/>                <\/div>\n                <div class=\"overflow-hidden\">\n                                        <p class=\"mb-1 text-base truncate font-display\">Stephen Bertelsen<\/p>\n                    <p class=\"mb-4 text-sm font-body\">Partner, erhvervschef, ejd.m\u00e6gler og Valuar, MRICS Registered Valuer, MDE<\/p>\n                    <p class=\"text-sm font-body\">Email: <a class=\"underline\" href=\"mailto:stbe@edc.dk\">stbe@edc.dk<\/a><\/p>\n                    <p class=\"text-sm font-body\">Phone: <a class=\"underline\" href=\"tel:58587850\">58 58 78 50<\/a><\/p>\n                <\/div>\n            <\/li>    \n                    <li class=\"flex items-center overflow-hidden lg:items-center md:items-start lg:flex-row\">\n                <div class=\"flex-shrink-0 w-32 h-32 mr-4 aspect-square\">\n                    <img loading=\"lazy\" decoding=\"async\" width=\"219\" height=\"293\" src=\"https:\/\/edchotels.com\/wp-content\/uploads\/sites\/106\/2025\/06\/vvobqm8rohfpkqtuckg9ihfok3jir87wwandold5jpg.jpg\" class=\"object-cover w-full h-full \" alt=\"\" \/>                <\/div>\n                <div class=\"overflow-hidden\">\n                                        <p class=\"mb-1 text-base truncate font-display\">Mads Dyhr<\/p>\n                    <p class=\"mb-4 text-sm font-body\">Partner, MDE, Erhverv Vendsyssel<\/p>\n                    <p class=\"text-sm font-body\">Email: <a class=\"underline\" href=\"mailto:mdy@edc.dk\">mdy@edc.dk<\/a><\/p>\n                    <p class=\"text-sm font-body\">Phone: <a class=\"underline\" href=\"tel:58587575\">58587575<\/a><\/p>\n                <\/div>\n            <\/li>    \n                    <li class=\"flex items-center overflow-hidden lg:items-center md:items-start lg:flex-row\">\n                <div class=\"flex-shrink-0 w-32 h-32 mr-4 aspect-square\">\n                    <img loading=\"lazy\" decoding=\"async\" width=\"219\" height=\"293\" src=\"https:\/\/edchotels.com\/wp-content\/uploads\/sites\/106\/2026\/03\/scuauhpwcjit1livizatapqokwtzrwzykmzpgjjbjpg.jpg\" class=\"object-cover w-full h-full \" alt=\"\" srcset=\"https:\/\/edchotels.com\/wp-content\/uploads\/sites\/106\/2026\/03\/scuauhpwcjit1livizatapqokwtzrwzykmzpgjjbjpg.jpg 219w, https:\/\/edchotels.com\/wp-content\/uploads\/sites\/106\/2026\/03\/scuauhpwcjit1livizatapqokwtzrwzykmzpgjjbjpg-9x12.jpg 9w\" sizes=\"auto, (max-width: 219px) 100vw, 219px\" \/>                <\/div>\n                <div class=\"overflow-hidden\">\n                                        <p class=\"mb-1 text-base truncate font-display\">Morten Wind Gram<\/p>\n                    <p class=\"mb-4 text-sm font-body\">Direkt\u00f8r, Partner<\/p>\n                    <p class=\"text-sm font-body\">Email: <a class=\"underline\" href=\"mailto:mwg@edc.dk\">mwg@edc.dk<\/a><\/p>\n                    <p class=\"text-sm font-body\">Phone: <a class=\"underline\" href=\"tel:20234124\">20234124<\/a><\/p>\n                <\/div>\n            <\/li>    \n        <\/ul>\n                <\/div>\n        <\/div>\n    <\/div>\n<\/section>\n\n<section class=\" my-16 lg:my-32\">\n    <div id=\"edc_block_edc_69e6248197885\" class=\"container \">\n        <div class=\"grid items-center mx-auto lg:grid-cols-6 \">\n                            <div class=\"aspect-wide z-10 w-full col-span-3\">\n                    <img loading=\"lazy\" decoding=\"async\" width=\"1024\" height=\"683\" src=\"https:\/\/edchotels.com\/wp-content\/uploads\/sites\/106\/2026\/04\/ChatGPT-Image-15.-apr.-2026-15.51.33-1024x683.png\" class=\"object-cover w-full h-full\" alt=\"\" srcset=\"https:\/\/edchotels.com\/wp-content\/uploads\/sites\/106\/2026\/04\/ChatGPT-Image-15.-apr.-2026-15.51.33-1024x683.png 1024w, https:\/\/edchotels.com\/wp-content\/uploads\/sites\/106\/2026\/04\/ChatGPT-Image-15.-apr.-2026-15.51.33-300x200.png 300w, https:\/\/edchotels.com\/wp-content\/uploads\/sites\/106\/2026\/04\/ChatGPT-Image-15.-apr.-2026-15.51.33-768x512.png 768w, https:\/\/edchotels.com\/wp-content\/uploads\/sites\/106\/2026\/04\/ChatGPT-Image-15.-apr.-2026-15.51.33-18x12.png 18w, https:\/\/edchotels.com\/wp-content\/uploads\/sites\/106\/2026\/04\/ChatGPT-Image-15.-apr.-2026-15.51.33.png 1536w\" sizes=\"auto, (max-width: 1024px) 100vw, 1024px\" \/>                <\/div>\n                        <div class=\"min-h-full flex flex-wrap lg:pl-20 col-span-3 items-center\">\n                <div class=\"py-2\">\n                                        <h3 class=\"mb-6 text-4xl w-full mt-6 lg:mt-0 lg:mt-6  \">S\u00e5dan kan vi hj\u00e6lpe dig<\/h3>\n                    <span class=\"prose font-body\"><p>Vi st\u00e5r klar til at hj\u00e6lpe dig, hvis du fx s\u00f8ger et hotel eller en kro. Vi kan bl.a. underst\u00f8tte dig med:<\/p>\n<p>\u2705 Analyse af markedet.<br \/>\n\u2705 Unik mar\u00adkeds\u00adf\u00f8\u00adrings\u00adpak\u00adke.<br \/>\n\u2705 Udf\u00e6rdigelse og forhandling af lejekontrakt eller k\u00f8bsaftale.<br \/>\n\u2705 Mar\u00adkeds\u00adle\u00adje\u00advur\u00adde\u00adring.<\/p>\n<p>Hvis det lyder interessant, s\u00e5 tag kontakt til os og h\u00f8r mere om, hvordan vi kan v\u00e6re den bedste partner til at realisere dine hoteldr\u00f8mme.<\/p>\n<\/span>\n                    <button class=\"btn flex mx-auto btn lg:mx-0 btn-primary mt-6  \" \n            x-data=\"{}\"\n            @click=\" updateOpt(), $dispatch('modal', { title: 'Contact realtor', message: 'Fill the form below to contact a realtor', extra_message: '',  formID: null });\">\n                Contact realtor        <\/button>\n    \n                <\/div>\n            <\/div>\n        <\/div>\n    <\/div>\n<\/section>\n\n\n<section class=\" my-16 lg:my-32\">\n    <div id=\"edc_block_edc_69e62481978aa\" class=\"container \">\n        <div class=\"grid items-center mx-auto lg:grid-cols-6 \">\n                            <div class=\"aspect-wide z-10 w-full lg:order-2 col-span-3\">\n                    <img loading=\"lazy\" decoding=\"async\" width=\"1024\" height=\"683\" src=\"https:\/\/edchotels.com\/wp-content\/uploads\/sites\/106\/2026\/04\/hotel2-1024x683.png\" class=\"object-cover w-full h-full\" alt=\"\" srcset=\"https:\/\/edchotels.com\/wp-content\/uploads\/sites\/106\/2026\/04\/hotel2-1024x683.png 1024w, https:\/\/edchotels.com\/wp-content\/uploads\/sites\/106\/2026\/04\/hotel2-300x200.png 300w, https:\/\/edchotels.com\/wp-content\/uploads\/sites\/106\/2026\/04\/hotel2-768x512.png 768w, https:\/\/edchotels.com\/wp-content\/uploads\/sites\/106\/2026\/04\/hotel2-18x12.png 18w, https:\/\/edchotels.com\/wp-content\/uploads\/sites\/106\/2026\/04\/hotel2.png 1536w\" sizes=\"auto, (max-width: 1024px) 100vw, 1024px\" \/>                <\/div>\n                        <div class=\"min-h-full flex flex-wrap lg:pr-20 col-span-3 items-center\">\n                <div class=\"py-2\">\n                                        <h3 class=\"mb-6 text-4xl w-full mt-6 lg:mt-0 lg:mt-6  \">Hvad er din hotelejendom v\u00e6rd? <\/h3>\n                    <span class=\"prose font-body\"><p>Skal du s\u00e6lge eller v\u00e6rdians\u00e6tte din hotelejendom til regnskabet? Eller er du blot nysgerrig efter at vide, hvad du kan f\u00e5 for din kroejendom?<\/p>\n<\/span>\n                    <button class=\"btn flex mx-auto btn lg:mx-0 btn-primary mt-6  \" \n            x-data=\"{}\"\n            @click=\" updateOpt(), $dispatch('modal', { title: 'Contact realtor', message: 'Fill the form below to contact a realtor', extra_message: '',  formID: null });\">\n                Contact realtor        <\/button>\n    \n                <\/div>\n            <\/div>\n        <\/div>\n    <\/div>\n<\/section>\n\n\n<section class=\" my-16 lg:my-32\">\n    <div id=\"edc_block_edc_69e62481978c2\" class=\"container \">\n        <div class=\"grid items-center mx-auto lg:grid-cols-6 \">\n                            <div class=\"aspect-wide z-10 w-full col-span-3\">\n                    <img loading=\"lazy\" decoding=\"async\" width=\"1024\" height=\"683\" src=\"https:\/\/edchotels.com\/wp-content\/uploads\/sites\/106\/2026\/04\/hotel3-1024x683.png\" class=\"object-cover w-full h-full\" alt=\"\" srcset=\"https:\/\/edchotels.com\/wp-content\/uploads\/sites\/106\/2026\/04\/hotel3-1024x683.png 1024w, https:\/\/edchotels.com\/wp-content\/uploads\/sites\/106\/2026\/04\/hotel3-300x200.png 300w, https:\/\/edchotels.com\/wp-content\/uploads\/sites\/106\/2026\/04\/hotel3-768x512.png 768w, https:\/\/edchotels.com\/wp-content\/uploads\/sites\/106\/2026\/04\/hotel3-18x12.png 18w, https:\/\/edchotels.com\/wp-content\/uploads\/sites\/106\/2026\/04\/hotel3.png 1536w\" sizes=\"auto, (max-width: 1024px) 100vw, 1024px\" \/>                <\/div>\n                        <div class=\"min-h-full flex flex-wrap lg:pl-20 col-span-3 items-center\">\n                <div class=\"py-2\">\n                                        <h3 class=\"mb-6 text-4xl w-full mt-6 lg:mt-0 lg:mt-6  \">Hvor mange s\u00f8ger din ejendom?<\/h3>\n                    <span class=\"prose font-body\"><p>Vi har valgt at g\u00f8re vores K\u00f8ber-\/Lejerkartotek tilg\u00e6ngeligt for dig, s\u00e5 du nemt kan se, hvor mange vi kan matche op med din hotelejendom.<\/p>\n<\/span>\n                    <button class=\"btn flex mx-auto btn lg:mx-0 btn-primary mt-6  \" \n            x-data=\"{}\"\n            @click=\" updateOpt(), $dispatch('modal', { title: 'Contact realtor', message: 'Fill the form below to contact a realtor', extra_message: '',  formID: null });\">\n                Contact realtor        <\/button>\n    \n                <\/div>\n            <\/div>\n        <\/div>\n    <\/div>\n<\/section>\n\n\n<section class=\" my-16 lg:my-32\">\n    <div id=\"edc_block_edc_69e62481978db\" class=\"container \">\n        <div class=\"grid items-center mx-auto lg:grid-cols-6 \">\n                            <div class=\"aspect-wide z-10 w-full lg:order-2 col-span-3\">\n                    <img loading=\"lazy\" decoding=\"async\" width=\"1024\" height=\"683\" src=\"https:\/\/edchotels.com\/wp-content\/uploads\/sites\/106\/2026\/04\/hotel4-1024x683.png\" class=\"object-cover w-full h-full\" alt=\"\" srcset=\"https:\/\/edchotels.com\/wp-content\/uploads\/sites\/106\/2026\/04\/hotel4-1024x683.png 1024w, https:\/\/edchotels.com\/wp-content\/uploads\/sites\/106\/2026\/04\/hotel4-300x200.png 300w, https:\/\/edchotels.com\/wp-content\/uploads\/sites\/106\/2026\/04\/hotel4-768x512.png 768w, https:\/\/edchotels.com\/wp-content\/uploads\/sites\/106\/2026\/04\/hotel4-18x12.png 18w, https:\/\/edchotels.com\/wp-content\/uploads\/sites\/106\/2026\/04\/hotel4.png 1536w\" sizes=\"auto, (max-width: 1024px) 100vw, 1024px\" \/>                <\/div>\n                        <div class=\"min-h-full flex flex-wrap lg:pr-20 col-span-3 items-center\">\n                <div class=\"py-2\">\n                                        <h3 class=\"mb-6 text-4xl w-full mt-6 lg:mt-0 lg:mt-6  \">Opret s\u00f8geagent<\/h3>\n                    <span class=\"prose font-body\"><p>Opret dit \u00f8nske i vores K\u00f8ber-\/Lejerkartotek. S\u00e5 pr\u00e6senterer vi dit \u00f8nske for en relevant m\u00e5lgruppe og giver dig besked, s\u00e5 snart vi har et hotel eller en hotelejendom der matcher dine \u00f8nsker.<\/p>\n<\/span>\n                    <button class=\"btn flex mx-auto btn lg:mx-0 btn-primary mt-6  \" \n            x-data=\"{}\"\n            @click=\" updateOpt(), $dispatch('modal', { title: 'Contact realtor', message: 'Fill the form below to contact a realtor', extra_message: '',  formID: null });\">\n                Contact realtor        <\/button>\n    \n                <\/div>\n            <\/div>\n        <\/div>\n    <\/div>\n<\/section>\n\n\n<section class=\" my-16 lg:my-32\">\n    <div id=\"edc_block_edc_69e62481978f1\" class=\"container \">\n        <div class=\"grid items-center mx-auto lg:grid-cols-6 \">\n                            <div class=\"aspect-wide z-10 w-full col-span-3\">\n                    <img loading=\"lazy\" decoding=\"async\" width=\"1024\" height=\"683\" src=\"https:\/\/edchotels.com\/wp-content\/uploads\/sites\/106\/2026\/04\/hotel5-1024x683.png\" class=\"object-cover w-full h-full\" alt=\"\" srcset=\"https:\/\/edchotels.com\/wp-content\/uploads\/sites\/106\/2026\/04\/hotel5-1024x683.png 1024w, https:\/\/edchotels.com\/wp-content\/uploads\/sites\/106\/2026\/04\/hotel5-300x200.png 300w, https:\/\/edchotels.com\/wp-content\/uploads\/sites\/106\/2026\/04\/hotel5-768x512.png 768w, https:\/\/edchotels.com\/wp-content\/uploads\/sites\/106\/2026\/04\/hotel5-18x12.png 18w, https:\/\/edchotels.com\/wp-content\/uploads\/sites\/106\/2026\/04\/hotel5.png 1536w\" sizes=\"auto, (max-width: 1024px) 100vw, 1024px\" \/>                <\/div>\n                        <div class=\"min-h-full flex flex-wrap lg:pl-20 col-span-3 items-center\">\n                <div class=\"py-2\">\n                                        <h3 class=\"mb-6 text-4xl w-full mt-6 lg:mt-0 lg:mt-6  \">Kontakt din lokale erhvervsm\u00e6gler<\/h3>\n                    <span class=\"prose font-body\"><p>EDC Erhverv er en af Danmarks st\u00f8rste er\u00adhvervs\u00adm\u00e6g\u00adle\u00adre med lokale centre over hele Danmark. Indtast by eller kommune, og find din lokale erhvervsm\u00e6gler.<\/p>\n<\/span>\n                    <button class=\"btn flex mx-auto btn lg:mx-0 btn-primary mt-6  \" \n            x-data=\"{}\"\n            @click=\" updateOpt(), $dispatch('modal', { title: 'Contact realtor', message: 'Fill the form below to contact a realtor', extra_message: '',  formID: null });\">\n                Contact realtor        <\/button>\n    \n                <\/div>\n            <\/div>\n        <\/div>\n    <\/div>\n<\/section>\n","protected":false},"excerpt":{"rendered":"","protected":false},"author":5,"featured_media":0,"parent":0,"menu_order":0,"comment_status":"closed","ping_status":"closed","template":"","meta":{"_acf_changed":false,"_seopress_robots_primary_cat":"","_seopress_titles_title":"","_seopress_titles_desc":"","_seopress_robots_index":"","footnotes":""},"class_list":["post-648332","page","type-page","status-publish","hentry"],"acf":[],"_links":{"self":[{"href":"https:\/\/edchotels.com\/de\/wp-json\/wp\/v2\/pages\/648332","targetHints":{"allow":["GET"]}}],"collection":[{"href":"https:\/\/edchotels.com\/de\/wp-json\/wp\/v2\/pages"}],"about":[{"href":"https:\/\/edchotels.com\/de\/wp-json\/wp\/v2\/types\/page"}],"author":[{"embeddable":true,"href":"https:\/\/edchotels.com\/de\/wp-json\/wp\/v2\/users\/5"}],"replies":[{"embeddable":true,"href":"https:\/\/edchotels.com\/de\/wp-json\/wp\/v2\/comments?post=648332"}],"version-history":[{"count":25,"href":"https:\/\/edchotels.com\/de\/wp-json\/wp\/v2\/pages\/648332\/revisions"}],"predecessor-version":[{"id":650305,"href":"https:\/\/edchotels.com\/de\/wp-json\/wp\/v2\/pages\/648332\/revisions\/650305"}],"wp:attachment":[{"href":"https:\/\/edchotels.com\/de\/wp-json\/wp\/v2\/media?parent=648332"}],"curies":[{"name":"wp","href":"https:\/\/api.w.org\/{rel}","templated":true}]}}