{"id":648573,"date":"2025-06-01T10:51:12","date_gmt":"2025-06-01T10:51:12","guid":{"rendered":"https:\/\/sites.edcpoulerikbech.dk\/hotel\/?page_id=648573"},"modified":"2025-06-01T11:08:18","modified_gmt":"2025-06-01T11:08:18","slug":"faq","status":"publish","type":"page","link":"https:\/\/edchotels.com\/de\/faq\/","title":{"rendered":"H\u00e4ufig gestellte Fragen"},"content":{"rendered":"<section class=\"pt-16 lg:pt-32 mb-16 lg:mb-32\">\n    <div id=\"edc_block_edc_683c34a211529\" class=\"container\">\n        <div class=\"grid items-center mx-auto lg:grid-cols-6\">\n                                            <div x-data=\"{playing : false, inline : true}\" class=\"aspect-wide z-10 w-full col-span-3\">\n                    <figure \n                    x-data\n class=\"relative w-full h-full mb-0 overflow-hidden cursor-pointer group\"\n                    >\n                        <div \n                            x-data @click=\"playing = true; if(window.innerWidth < 992) { inline = true; }\"\n                                                        x-transition.opacity\n x-show=\"!playing\" \n                            class=\"w-full h-full\">\n                                                                <div class=\"absolute top-0 left-0 w-full h-full transition-opacity bg-gray-900 opacity-0 group-hover:opacity-20\">\n                                    \n                                <\/div>\n                                <div class=\"absolute top-0 left-0 flex items-center justify-center w-full h-full text-white transition-all opacity-70 hover:opacity-100\">\n                                    <svg class=\"w-32 h-32\" width=\"24\" height=\"24\" aria-hidden=\"true\" role=\"img\" focusable=\"false\" preserveaspectratio=\"xMidYMid meet\"xmlns=\"http:\/\/www.w3.org\/2000\/svg\" fill=\"none\" viewbox=\"0 0 24 24\" stroke-width=\"1.5\" stroke=\"currentColor\"><path stroke-linecap=\"round\" stroke-linejoin=\"round\" d=\"M21 12a9 9 0 11-18 0 9 9 0 0118 0z\" \/><path stroke-linecap=\"round\" stroke-linejoin=\"round\" d=\"M15.91 11.672a.375.375 0 010 .656l-5.603 3.113a.375.375 0 01-.557-.328V8.887c0-.286.307-.466.557-.327l5.603 3.112z\" \/><\/svg>                                <\/div>\n                        <\/div>\n                        \n                        \n                        <div \n                            class=\"w-full h-full\"\n                            x-show=\"playing\"\n                            x-transition.opacity\n>   \n                            <div \n                                x-data\n class=\"relative w-full h-full overflow-hidden\"\n                                >\n                                    <iframe loading=\"lazy\" title=\"EDC Business Hotel\" src=\"https:\/\/player.vimeo.com\/video\/1089465957?dnt=1&amp;app_id=122963\" width=\"500\" height=\"281\" frameborder=\"0\" allow=\"autoplay; fullscreen; picture-in-picture; clipboard-write; encrypted-media; web-share\" referrerpolicy=\"strict-origin-when-cross-origin\"><\/iframe>                            <\/div>\n                        <\/div>\n                    <\/figure>\n                    \n                                            <script>\n                            function stopVideo_edc_block_edc_683c34a211529(e) {\n                                document.querySelectorAll('iframe').forEach(v => { v.src = v.src });\n                            };\n                        <\/script>\n                                        \n                <\/div>\n                        <div class=\"min-h-full flex flex-wrap lg:pl-20 col-span-3 items-center\">\n                <div class=\"py-2\">\n                                        <h3 class=\"mb-6 text-4xl w-full mt-6 lg:mt-0 lg:mt-6\">Starker Markt f\u00fcr Hotels und Unterk\u00fcnfte<\/h3>\n                    <span class=\"prose font-body\"><p>Der Hotel- und Unterkunftsmarkt verzeichnet in den letzten Jahren eine hohe Nachfrage von Investoren und Betreibern. Der Tourismus boomt, neue Erlebnisse sind gefragt \u2013 und das Interesse ist gro\u00df, von klassischen Hotels und Gasth\u00f6fen bis hin zu modernen Konferenzzentren, Ferienanlagen und Campingpl\u00e4tzen. Wir von EDC Erhverv Poul Erik Bech sind stets am Puls der Zeit und pr\u00e4sentieren jedes Jahr eine breite Palette attraktiver Hotels und Unterk\u00fcnfte im ganzen Land.<\/p>\n<p>Kontaktieren Sie uns, um Einblicke in den Markt und aktuelle M\u00f6glichkeiten zu erhalten.<\/p>\n<\/span>\n                                    <\/div>\n            <\/div>\n        <\/div>\n    <\/div>\n<\/section>\n\n\n<section class=\"my-16 lg:my-32\">\n<div id=\"edc-block_edc_683c34a2116e3\" class=\"container\">\n    <div class=\"grid items-center lg:grid-cols-2 gap-20 p-8 lg:px-20 lg:py-16 overflow-hidden  bg-color-light-bg\">\n        <div class=\"w-full\">\n            <h3>H\u00e4ufig gestellte Fragen (FAQ)<\/h3>\n            <div class=\"prose font-body max-w-none\"><p>Hier finden Sie Antworten auf die h\u00e4ufigsten Fragen zum Kauf und Verkauf von Hotels und anderen Unterk\u00fcnften. Verschaffen Sie sich einen \u00dcberblick \u00fcber den Ablauf, den Markt und unsere Dienstleistungen \u2013 und z\u00f6gern Sie nicht, uns bei weiteren Fragen zu kontaktieren. Wir helfen Ihnen gerne weiter!<\/p>\n<\/div>\n        <\/div>\n        <div class=\"w-full\">\n                                <div class=\"w-full\" x-data=\"{open : false}\">\n                        <button class=\"flex items-center justify-between w-full font-bold text-left\" id=\"accordion-id-'1'\" @click=\"open = !open\" :aria-expanded=\"open\" aria-controls=\"accordion-content-1\">\n                            Wie l\u00e4uft der Verkauf einer Hotel- oder Beherbergungsimmobilie bei EDC Erhverv Poul Erik Bech ab?                            <p class=\"flex items-center aspect-square justify-center w-8 h-8 ml-4\"><i class=\"icon-plus\" :class=\"open ? 'icon-minus' : 'icon-plus'\"><\/i><\/p>\n                        <\/button>\n                        <div class=\"w-full mt-4 prose text-left font-body\" id=\"accordion-content-1\" role=\"region\" x-show=\"open\" x-collapse aria-labelledby=\"accordion-id-1\"><p>Wir beginnen stets mit einer gr\u00fcndlichen Bewertung und Marktanalyse. Anschlie\u00dfend erstellen wir ein ma\u00dfgeschneidertes Verkaufsangebot und eine individuelle Marketingstrategie. Die Immobilie wird dann potenziellen K\u00e4ufern \u00fcber unser bundesweites Netzwerk und gezielte Kan\u00e4le pr\u00e4sentiert. Wir beraten und unterst\u00fctzen Sie w\u00e4hrend des gesamten Prozesses \u2013 vom Erstkontakt bis zum erfolgreichen Abschluss des Kaufvertrags.<\/p>\n<\/div>\n                    <\/div>\n                    <hr class=\"my-4 border-t-black\/10\">\n                                <div class=\"w-full\" x-data=\"{open : false}\">\n                        <button class=\"flex items-center justify-between w-full font-bold text-left\" id=\"accordion-id-'2'\" @click=\"open = !open\" :aria-expanded=\"open\" aria-controls=\"accordion-content-2\">\n                            K\u00f6nnen Sie sowohl bei gro\u00dfen Hotels als auch bei kleineren Gasth\u00f6fen oder Campingpl\u00e4tzen helfen?                            <p class=\"flex items-center aspect-square justify-center w-8 h-8 ml-4\"><i class=\"icon-plus\" :class=\"open ? 'icon-minus' : 'icon-plus'\"><\/i><\/p>\n                        <\/button>\n                        <div class=\"w-full mt-4 prose text-left font-body\" id=\"accordion-content-2\" role=\"region\" x-show=\"open\" x-collapse aria-labelledby=\"accordion-id-2\"><p>Ja, wir haben Erfahrung mit allen Arten von Unterk\u00fcnften \u2013 von gro\u00dfen Stadthotels und Resorts \u00fcber Gasth\u00f6fe, Ferienzentren und Jugendherbergen bis hin zu Campingpl\u00e4tzen. Unser Netzwerk und unsere Expertise decken das gesamte Land und alle Segmente ab.<\/p>\n<\/div>\n                    <\/div>\n                    <hr class=\"my-4 border-t-black\/10\">\n                                <div class=\"w-full\" x-data=\"{open : false}\">\n                        <button class=\"flex items-center justify-between w-full font-bold text-left\" id=\"accordion-id-'3'\" @click=\"open = !open\" :aria-expanded=\"open\" aria-controls=\"accordion-content-3\">\n                            Was sind die wichtigsten Trends auf dem Hotelmarkt im Moment?                            <p class=\"flex items-center aspect-square justify-center w-8 h-8 ml-4\"><i class=\"icon-plus\" :class=\"open ? 'icon-minus' : 'icon-plus'\"><\/i><\/p>\n                        <\/button>\n                        <div class=\"w-full mt-4 prose text-left font-body\" id=\"accordion-content-3\" role=\"region\" x-show=\"open\" x-collapse aria-labelledby=\"accordion-id-3\"><p>Wir verzeichnen ein gro\u00dfes Interesse an Investitionen in Hotels und Beherbergungsbetriebe, getrieben durch den zunehmenden Tourismus und die steigende Nachfrage nach Erlebnissen in D\u00e4nemark. Konzepte mit einzigartigen Standorten, flexiblen Raumaufteilungen oder Entwicklungsm\u00f6glichkeiten sind besonders gefragt.<\/p>\n<\/div>\n                    <\/div>\n                    <hr class=\"my-4 border-t-black\/10\">\n                                <div class=\"w-full\" x-data=\"{open : false}\">\n                        <button class=\"flex items-center justify-between w-full font-bold text-left\" id=\"accordion-id-'4'\" @click=\"open = !open\" :aria-expanded=\"open\" aria-controls=\"accordion-content-4\">\n                            Wie kann ich mein Hotel bewerten?                            <p class=\"flex items-center aspect-square justify-center w-8 h-8 ml-4\"><i class=\"icon-plus\" :class=\"open ? 'icon-minus' : 'icon-plus'\"><\/i><\/p>\n                        <\/button>\n                        <div class=\"w-full mt-4 prose text-left font-body\" id=\"accordion-content-4\" role=\"region\" x-show=\"open\" x-collapse aria-labelledby=\"accordion-id-4\"><p>Sie k\u00f6nnen uns jederzeit f\u00fcr ein unverbindliches Gespr\u00e4ch und eine Bewertung Ihrer Hotel- oder Unterkunftsimmobilie kontaktieren. Wir bieten Ihnen eine professionelle Bewertung auf Basis von Marktkenntnissen, Erfahrung und Daten aus vergleichbaren Transaktionen.<\/p>\n<\/div>\n                    <\/div>\n                    <hr class=\"my-4 border-t-black\/10\">\n                    <\/div>\n    <\/div>\n<\/div>\n<\/section>","protected":false},"excerpt":{"rendered":"","protected":false},"author":5,"featured_media":0,"parent":0,"menu_order":0,"comment_status":"closed","ping_status":"closed","template":"","meta":{"_acf_changed":false,"_seopress_robots_primary_cat":"","_seopress_titles_title":"","_seopress_titles_desc":"","_seopress_robots_index":"","footnotes":""},"class_list":["post-648573","page","type-page","status-publish","hentry"],"acf":[],"_links":{"self":[{"href":"https:\/\/edchotels.com\/de\/wp-json\/wp\/v2\/pages\/648573","targetHints":{"allow":["GET"]}}],"collection":[{"href":"https:\/\/edchotels.com\/de\/wp-json\/wp\/v2\/pages"}],"about":[{"href":"https:\/\/edchotels.com\/de\/wp-json\/wp\/v2\/types\/page"}],"author":[{"embeddable":true,"href":"https:\/\/edchotels.com\/de\/wp-json\/wp\/v2\/users\/5"}],"replies":[{"embeddable":true,"href":"https:\/\/edchotels.com\/de\/wp-json\/wp\/v2\/comments?post=648573"}],"version-history":[{"count":4,"href":"https:\/\/edchotels.com\/de\/wp-json\/wp\/v2\/pages\/648573\/revisions"}],"predecessor-version":[{"id":648581,"href":"https:\/\/edchotels.com\/de\/wp-json\/wp\/v2\/pages\/648573\/revisions\/648581"}],"wp:attachment":[{"href":"https:\/\/edchotels.com\/de\/wp-json\/wp\/v2\/media?parent=648573"}],"curies":[{"name":"wp","href":"https:\/\/api.w.org\/{rel}","templated":true}]}}