{"id":648639,"date":"2025-06-21T07:42:35","date_gmt":"2025-06-21T07:42:35","guid":{"rendered":"https:\/\/sites.edcpoulerikbech.dk\/hotel\/?page_id=648639"},"modified":"2026-04-20T13:12:10","modified_gmt":"2026-04-20T13:12:10","slug":"kontakt-os","status":"publish","type":"page","link":"https:\/\/edchotels.com\/de\/kontakt-os\/","title":{"rendered":"Kontaktieren Sie uns"},"content":{"rendered":"<section class=\"pt-16 lg:pt-32 mb-16 lg:mb-32\">\n    <div id=\"edc-block_edc_69e62629e04aa\" class=\"container\">\n        <div class=\"grid items-center lg:grid-cols-2 gap-20\">\n            <div class=\"w-full\">\n                <h3 class=\"mb-6 text-4xl\">Sollen wir beim n\u00e4chsten Abenteuer helfen?<\/h3>\n                <div class=\"prose font-body max-w-none\"><p>\ud83c\udfe8 **EDC Business \u2013 Beratung f\u00fcr die Hotelbranche in ganz D\u00e4nemark** \ud83c\udfe8<\/p>\n<p>Ob Sie ein lokales Boutique-Hotel oder eine landesweite Hotelkette besitzen \u2013 EDC Erhverv bietet Ihnen spezialisierte Beratung beim Kauf, Verkauf, der Bewertung und der Entwicklung von Hotelimmobilien. Unsere lokalen B\u00fcros kennen die regionalen G\u00e4stestr\u00f6me und Marktbedingungen, w\u00e4hrend unsere Spezialisten in Kopenhagen Sie bei Portfolioanalysen, Investitionen und strategischem Sparring unterst\u00fctzen.<\/p>\n<p>**Ein Netzwerk. Ein Ansprechpartner. Ein fester Partner \u2013 egal wo in Deutschland Sie gesch\u00e4ftlich t\u00e4tig sind.**<\/p>\n<p>Bitte teilen Sie uns mit, ob Sie Versionen f\u00fcr LinkedIn, Newsletter, Webseiten oder Pr\u00e4sentationen ben\u00f6tigen.<\/p>\n<\/div>\n                                    <div class=\"flex flex-wrap mt-6\">\n                        <button class=\"btn lg:block w-full lg:w-auto btn btn-primary mr-4\" \n            x-data=\"{}\"\n            @click=\" updateOpt(), $dispatch('modal', { title: 'Contact realtor', message: 'Fill the form below to contact a realtor', extra_message: '',  formID: null });\">\n                Kontaktieren Sie den Makler        <\/button>\n    \n\n                        \n\n                    <\/div>\n                            <\/div>\n            <div class=\"w-full\">\n            <h3 class=\"text-2xl font-medium leading-6 text-gray-900\">Kontaktieren Sie den Makler<\/h3>\n    <ul class=\"grid col-span-2 gap-4 mt-8 md:grid-cols-1\">\n                    <li class=\"flex items-center overflow-hidden lg:items-center md:items-start lg:flex-row\">\n                <div class=\"flex-shrink-0 w-32 h-32 mr-4 aspect-square\">\n                    <img loading=\"lazy\" decoding=\"async\" width=\"225\" height=\"300\" src=\"https:\/\/edchotels.com\/wp-content\/uploads\/sites\/106\/2026\/03\/gcmvi4xyvllow3fd3x1i6awgytxpukfwjsb3ckfnjpg-225x300.jpg\" class=\"object-cover w-full h-full\" alt=\"\" srcset=\"https:\/\/edchotels.com\/wp-content\/uploads\/sites\/106\/2026\/03\/gcmvi4xyvllow3fd3x1i6awgytxpukfwjsb3ckfnjpg-225x300.jpg 225w, https:\/\/edchotels.com\/wp-content\/uploads\/sites\/106\/2026\/03\/gcmvi4xyvllow3fd3x1i6awgytxpukfwjsb3ckfnjpg-768x1024.jpg 768w, https:\/\/edchotels.com\/wp-content\/uploads\/sites\/106\/2026\/03\/gcmvi4xyvllow3fd3x1i6awgytxpukfwjsb3ckfnjpg-9x12.jpg 9w, https:\/\/edchotels.com\/wp-content\/uploads\/sites\/106\/2026\/03\/gcmvi4xyvllow3fd3x1i6awgytxpukfwjsb3ckfnjpg.jpg 900w\" sizes=\"auto, (max-width: 225px) 100vw, 225px\" \/>                <\/div>\n                <div class=\"overflow-hidden\">\n                                        <p class=\"mb-1 text-base truncate font-display\">Frans Barkler<\/p>\n                    <p class=\"mb-4 text-sm font-body\">Leiter des Gastgewerbes<\/p>\n                    <p class=\"text-sm font-body\">E-Mail: <a class=\"underline\" href=\"mailto:frba@edc.dk\">frba@edc.dk<\/a><\/p>\n                    <p class=\"text-sm font-body\">Telefon: <a class=\"underline\" href=\"tel:28867768\">28867768<\/a><\/p>\n                <\/div>\n            <\/li>    \n                    <li class=\"flex items-center overflow-hidden lg:items-center md:items-start lg:flex-row\">\n                <div class=\"flex-shrink-0 w-32 h-32 mr-4 aspect-square\">\n                    <img loading=\"lazy\" decoding=\"async\" width=\"219\" height=\"293\" src=\"https:\/\/edchotels.com\/wp-content\/uploads\/sites\/106\/2026\/03\/d6mshuj5c8tkaoxbij5apyeagq58s7vfbf7lrzgijpg.jpg\" class=\"object-cover w-full h-full\" alt=\"\" srcset=\"https:\/\/edchotels.com\/wp-content\/uploads\/sites\/106\/2026\/03\/d6mshuj5c8tkaoxbij5apyeagq58s7vfbf7lrzgijpg.jpg 219w, https:\/\/edchotels.com\/wp-content\/uploads\/sites\/106\/2026\/03\/d6mshuj5c8tkaoxbij5apyeagq58s7vfbf7lrzgijpg-9x12.jpg 9w\" sizes=\"auto, (max-width: 219px) 100vw, 219px\" \/>                <\/div>\n                <div class=\"overflow-hidden\">\n                                        <p class=\"mb-1 text-base truncate font-display\">Stephen Bertelsen<\/p>\n                    <p class=\"mb-4 text-sm font-body\">Partner, Gesch\u00e4ftsf\u00fchrer, Immobilienmakler und -bewerter, MRICS-zertifizierter Bewerter, MDE<\/p>\n                    <p class=\"text-sm font-body\">E-Mail: <a class=\"underline\" href=\"mailto:stbe@edc.dk\">stbe@edc.dk<\/a><\/p>\n                    <p class=\"text-sm font-body\">Telefon: <a class=\"underline\" href=\"tel:58587850\">58 58 78 50<\/a><\/p>\n                <\/div>\n            <\/li>    \n                    <li class=\"flex items-center overflow-hidden lg:items-center md:items-start lg:flex-row\">\n                <div class=\"flex-shrink-0 w-32 h-32 mr-4 aspect-square\">\n                    <img loading=\"lazy\" decoding=\"async\" width=\"219\" height=\"293\" src=\"https:\/\/edchotels.com\/wp-content\/uploads\/sites\/106\/2025\/06\/vvobqm8rohfpkqtuckg9ihfok3jir87wwandold5jpg.jpg\" class=\"object-cover w-full h-full\" alt=\"\" \/>                <\/div>\n                <div class=\"overflow-hidden\">\n                                        <p class=\"mb-1 text-base truncate font-display\">Mads Dyhr<\/p>\n                    <p class=\"mb-4 text-sm font-body\">Partner, MDE, Business Vendsyssel<\/p>\n                    <p class=\"text-sm font-body\">E-Mail: <a class=\"underline\" href=\"mailto:mdy@edc.dk\">mdy@edc.dk<\/a><\/p>\n                    <p class=\"text-sm font-body\">Telefon: <a class=\"underline\" href=\"tel:58587575\">58587575<\/a><\/p>\n                <\/div>\n            <\/li>    \n                    <li class=\"flex items-center overflow-hidden lg:items-center md:items-start lg:flex-row\">\n                <div class=\"flex-shrink-0 w-32 h-32 mr-4 aspect-square\">\n                    <img loading=\"lazy\" decoding=\"async\" width=\"219\" height=\"293\" src=\"https:\/\/edchotels.com\/wp-content\/uploads\/sites\/106\/2026\/03\/scuauhpwcjit1livizatapqokwtzrwzykmzpgjjbjpg.jpg\" class=\"object-cover w-full h-full\" alt=\"\" srcset=\"https:\/\/edchotels.com\/wp-content\/uploads\/sites\/106\/2026\/03\/scuauhpwcjit1livizatapqokwtzrwzykmzpgjjbjpg.jpg 219w, https:\/\/edchotels.com\/wp-content\/uploads\/sites\/106\/2026\/03\/scuauhpwcjit1livizatapqokwtzrwzykmzpgjjbjpg-9x12.jpg 9w\" sizes=\"auto, (max-width: 219px) 100vw, 219px\" \/>                <\/div>\n                <div class=\"overflow-hidden\">\n                                        <p class=\"mb-1 text-base truncate font-display\">Morten Wind Gram<\/p>\n                    <p class=\"mb-4 text-sm font-body\">Gesch\u00e4ftsf\u00fchrer, Partner<\/p>\n                    <p class=\"text-sm font-body\">E-Mail: <a class=\"underline\" href=\"mailto:mwg@edc.dk\">mwg@edc.dk<\/a><\/p>\n                    <p class=\"text-sm font-body\">Telefon: <a class=\"underline\" href=\"tel:20234124\">20234124<\/a><\/p>\n                <\/div>\n            <\/li>    \n        <\/ul>\n                <\/div>\n        <\/div>\n    <\/div>\n<\/section>","protected":false},"excerpt":{"rendered":"","protected":false},"author":5,"featured_media":0,"parent":0,"menu_order":0,"comment_status":"closed","ping_status":"closed","template":"","meta":{"_acf_changed":false,"_seopress_robots_primary_cat":"","_seopress_titles_title":"","_seopress_titles_desc":"","_seopress_robots_index":"","footnotes":""},"class_list":["post-648639","page","type-page","status-publish","hentry"],"acf":[],"_links":{"self":[{"href":"https:\/\/edchotels.com\/de\/wp-json\/wp\/v2\/pages\/648639","targetHints":{"allow":["GET"]}}],"collection":[{"href":"https:\/\/edchotels.com\/de\/wp-json\/wp\/v2\/pages"}],"about":[{"href":"https:\/\/edchotels.com\/de\/wp-json\/wp\/v2\/types\/page"}],"author":[{"embeddable":true,"href":"https:\/\/edchotels.com\/de\/wp-json\/wp\/v2\/users\/5"}],"replies":[{"embeddable":true,"href":"https:\/\/edchotels.com\/de\/wp-json\/wp\/v2\/comments?post=648639"}],"version-history":[{"count":3,"href":"https:\/\/edchotels.com\/de\/wp-json\/wp\/v2\/pages\/648639\/revisions"}],"predecessor-version":[{"id":650306,"href":"https:\/\/edchotels.com\/de\/wp-json\/wp\/v2\/pages\/648639\/revisions\/650306"}],"wp:attachment":[{"href":"https:\/\/edchotels.com\/de\/wp-json\/wp\/v2\/media?parent=648639"}],"curies":[{"name":"wp","href":"https:\/\/api.w.org\/{rel}","templated":true}]}}